{"id":118,"date":"2023-04-30T09:17:15","date_gmt":"2023-04-30T09:17:15","guid":{"rendered":"https:\/\/alvaromadaune.com\/?page_id=118"},"modified":"2023-08-24T09:14:32","modified_gmt":"2023-08-24T09:14:32","slug":"armarios","status":"publish","type":"page","link":"https:\/\/alvaromadaune.com\/index.php\/armarios\/","title":{"rendered":"Armarios"},"content":{"rendered":"\n<h4 class=\"wp-block-heading has-text-align-center has-accent-color has-text-color\"><strong>Armarios a medida en Cartagena para organizar tu espacio.<\/strong><\/h4>\n\n\n\n<p class=\"has-text-align-left\">Si est\u00e1s buscando un armario que se adapte perfectamente a tus necesidades y a tu espacio, los armarios a medida pueden ser la opci\u00f3n perfecta para ti. Nuestros carpinteros profesionales te ayudan para que consigas el mejor armario a medida o vestidor que se adecue a tus necesidades, desde el dise\u00f1o a la ejecuci\u00f3n del proyecto.<\/p>\n\n\n<div class=\"wp-block-image is-style-default\">\n<figure class=\"aligncenter size-large is-resized\"><img decoding=\"async\" src=\"https:\/\/alvaromadaune.com\/wp-content\/uploads\/2023\/05\/vestidores-de-madera-cartagena-1024x615.jpg\" alt=\"vestidores a medida\" class=\"wp-image-234\" style=\"width:588px\" width=\"588\" srcset=\"https:\/\/alvaromadaune.com\/wp-content\/uploads\/2023\/05\/vestidores-de-madera-cartagena-1024x615.jpg 1024w, https:\/\/alvaromadaune.com\/wp-content\/uploads\/2023\/05\/vestidores-de-madera-cartagena-300x180.jpg 300w, https:\/\/alvaromadaune.com\/wp-content\/uploads\/2023\/05\/vestidores-de-madera-cartagena-768x461.jpg 768w, https:\/\/alvaromadaune.com\/wp-content\/uploads\/2023\/05\/vestidores-de-madera-cartagena-1536x922.jpg 1536w, https:\/\/alvaromadaune.com\/wp-content\/uploads\/2023\/05\/vestidores-de-madera-cartagena.jpg 1573w\" sizes=\"(max-width: 1024px) 100vw, 1024px\" \/><\/figure>\n<\/div>\n\n\n<div style=\"height:55px\" aria-hidden=\"true\" class=\"wp-block-spacer\"><\/div>\n\n\n\n<h4 class=\"wp-block-heading has-text-align-center has-accent-color has-text-color\"><strong><strong>\u00bfPor qu\u00e9 elegir armarios a medida?<\/strong> <\/strong><\/h4>\n\n\n\n<p class=\"has-text-align-left\">Una de las principales ventajas de elegir un armario a medida es que puedes adaptarlo completamente a tus necesidades. Los armarios est\u00e1ndar a menudo no cumplen con las necesidades espec\u00edficas de cada hogar, como el espacio disponible, la altura de los techos o el tipo de almacenamiento necesario. Con un armario a medida, puedes personalizar cada detalle, desde el tama\u00f1o y la forma hasta el n\u00famero de estantes, cajones y barras para colgar.<\/p>\n\n\n<div class=\"wp-block-image\">\n<figure class=\"aligncenter size-large is-resized\"><img decoding=\"async\" src=\"https:\/\/alvaromadaune.com\/wp-content\/uploads\/2023\/05\/armarios-empotrados-cartagena-1024x683.jpg\" alt=\"armarios empotrados a medida\" class=\"wp-image-241\" style=\"width:600px\" width=\"600\" srcset=\"https:\/\/alvaromadaune.com\/wp-content\/uploads\/2023\/05\/armarios-empotrados-cartagena-1024x683.jpg 1024w, https:\/\/alvaromadaune.com\/wp-content\/uploads\/2023\/05\/armarios-empotrados-cartagena-300x200.jpg 300w, https:\/\/alvaromadaune.com\/wp-content\/uploads\/2023\/05\/armarios-empotrados-cartagena-768x513.jpg 768w, https:\/\/alvaromadaune.com\/wp-content\/uploads\/2023\/05\/armarios-empotrados-cartagena-1536x1025.jpg 1536w, https:\/\/alvaromadaune.com\/wp-content\/uploads\/2023\/05\/armarios-empotrados-cartagena-2048x1367.jpg 2048w\" sizes=\"(max-width: 1024px) 100vw, 1024px\" \/><\/figure>\n<\/div>\n\n\n<div style=\"height:55px\" aria-hidden=\"true\" class=\"wp-block-spacer\"><\/div>\n\n\n\n<h4 class=\"wp-block-heading has-text-align-center has-accent-color has-text-color\"><strong>Armarios empotrados a medida<\/strong><\/h4>\n\n\n\n<p class=\"has-text-align-left\">La carpinter\u00eda es uno de los aspectos m\u00e1s importantes de la fabricaci\u00f3n de armarios empotrados. Un buen carpintero puede hacer la diferencia entre un armario con un buen dise\u00f1o y uno que no cumple con las expectativas. Es importante buscar carpinteros con experiencia y habilidad, ya que son ellos quienes dise\u00f1ar\u00e1n y construir\u00e1n tu armario empotrado a medida. Aseg\u00farate de buscar recomendaciones y revisar el portafolio de trabajos previos del carpintero antes de tomar una decisi\u00f3n.<\/p>\n\n\n\n<div class=\"wp-block-buttons is-content-justification-center is-layout-flex wp-container-core-buttons-is-layout-16018d1d wp-block-buttons-is-layout-flex\">\n<div class=\"wp-block-button has-custom-font-size has-medium-font-size\"><a class=\"wp-block-button__link has-background wp-element-button\" href=\"https:\/\/alvaromadaune.com\/index.php\/presupuesto\/\" style=\"background-color:#ff3300\">Quiero mi presupuesto<\/a><\/div>\n<\/div>\n","protected":false},"excerpt":{"rendered":"<p>Armarios a medida en Cartagena para organizar tu espacio. Si est\u00e1s buscando un armario que se adapte perfectamente a tus necesidades y a tu espacio, los armarios a medida pueden ser la opci\u00f3n perfecta para ti. Nuestros carpinteros profesionales te ayudan para que consigas el mejor armario a medida o vestidor que se adecue a &#8230; <a title=\"Armarios\" class=\"read-more\" href=\"https:\/\/alvaromadaune.com\/index.php\/armarios\/\" aria-label=\"M\u00e1s en Armarios\">Leer m\u00e1s<\/a><\/p>\n","protected":false},"author":1,"featured_media":40,"parent":0,"menu_order":0,"comment_status":"closed","ping_status":"closed","template":"","meta":{"footnotes":""},"class_list":["post-118","page","type-page","status-publish","has-post-thumbnail"],"yoast_head":"<!-- This site is optimized with the Yoast SEO plugin v24.4 - https:\/\/yoast.com\/wordpress\/plugins\/seo\/ -->\n<title>Armarios &#187; Carpinteros Cartagena<\/title>\n<meta name=\"robots\" content=\"index, follow, max-snippet:-1, max-image-preview:large, max-video-preview:-1\" \/>\n<link rel=\"canonical\" href=\"https:\/\/alvaromadaune.com\/index.php\/armarios\/\" \/>\n<meta property=\"og:locale\" content=\"es_ES\" \/>\n<meta property=\"og:type\" content=\"article\" \/>\n<meta property=\"og:title\" content=\"Armarios &#187; Carpinteros Cartagena\" \/>\n<meta property=\"og:description\" content=\"Armarios a medida en Cartagena para organizar tu espacio. Si est\u00e1s buscando un armario que se adapte perfectamente a tus necesidades y a tu espacio, los armarios a medida pueden ser la opci\u00f3n perfecta para ti. Nuestros carpinteros profesionales te ayudan para que consigas el mejor armario a medida o vestidor que se adecue a ... Leer m\u00e1s\" \/>\n<meta property=\"og:url\" content=\"https:\/\/alvaromadaune.com\/index.php\/armarios\/\" \/>\n<meta property=\"og:site_name\" content=\"Carpinteros Cartagena\" \/>\n<meta property=\"article:modified_time\" content=\"2023-08-24T09:14:32+00:00\" \/>\n<meta property=\"og:image\" content=\"https:\/\/alvaromadaune.com\/wp-content\/uploads\/2023\/04\/armarios-a-medida-cartagena.jpg\" \/>\n\t<meta property=\"og:image:width\" content=\"300\" \/>\n\t<meta property=\"og:image:height\" content=\"300\" \/>\n\t<meta property=\"og:image:type\" content=\"image\/jpeg\" \/>\n<meta name=\"twitter:card\" content=\"summary_large_image\" \/>\n<meta name=\"twitter:label1\" content=\"Tiempo de lectura\" \/>\n\t<meta name=\"twitter:data1\" content=\"2 minutos\" \/>\n<script type=\"application\/ld+json\" class=\"yoast-schema-graph\">{\"@context\":\"https:\/\/schema.org\",\"@graph\":[{\"@type\":\"WebPage\",\"@id\":\"https:\/\/alvaromadaune.com\/index.php\/armarios\/\",\"url\":\"https:\/\/alvaromadaune.com\/index.php\/armarios\/\",\"name\":\"Armarios &#187; Carpinteros Cartagena\",\"isPartOf\":{\"@id\":\"https:\/\/alvaromadaune.com\/#website\"},\"primaryImageOfPage\":{\"@id\":\"https:\/\/alvaromadaune.com\/index.php\/armarios\/#primaryimage\"},\"image\":{\"@id\":\"https:\/\/alvaromadaune.com\/index.php\/armarios\/#primaryimage\"},\"thumbnailUrl\":\"https:\/\/alvaromadaune.com\/wp-content\/uploads\/2023\/04\/armarios-a-medida-cartagena.jpg\",\"datePublished\":\"2023-04-30T09:17:15+00:00\",\"dateModified\":\"2023-08-24T09:14:32+00:00\",\"breadcrumb\":{\"@id\":\"https:\/\/alvaromadaune.com\/index.php\/armarios\/#breadcrumb\"},\"inLanguage\":\"es\",\"potentialAction\":[{\"@type\":\"ReadAction\",\"target\":[\"https:\/\/alvaromadaune.com\/index.php\/armarios\/\"]}]},{\"@type\":\"ImageObject\",\"inLanguage\":\"es\",\"@id\":\"https:\/\/alvaromadaune.com\/index.php\/armarios\/#primaryimage\",\"url\":\"https:\/\/alvaromadaune.com\/wp-content\/uploads\/2023\/04\/armarios-a-medida-cartagena.jpg\",\"contentUrl\":\"https:\/\/alvaromadaune.com\/wp-content\/uploads\/2023\/04\/armarios-a-medida-cartagena.jpg\",\"width\":300,\"height\":300,\"caption\":\"armarios empotrados a medida en Cartagena\"},{\"@type\":\"BreadcrumbList\",\"@id\":\"https:\/\/alvaromadaune.com\/index.php\/armarios\/#breadcrumb\",\"itemListElement\":[{\"@type\":\"ListItem\",\"position\":1,\"name\":\"Portada\",\"item\":\"https:\/\/alvaromadaune.com\/\"},{\"@type\":\"ListItem\",\"position\":2,\"name\":\"Armarios\"}]},{\"@type\":\"WebSite\",\"@id\":\"https:\/\/alvaromadaune.com\/#website\",\"url\":\"https:\/\/alvaromadaune.com\/\",\"name\":\"Carpinteros Cartagena\",\"description\":\"Carpinteros con Experiencia en Cartagena\",\"publisher\":{\"@id\":\"https:\/\/alvaromadaune.com\/#organization\"},\"potentialAction\":[{\"@type\":\"SearchAction\",\"target\":{\"@type\":\"EntryPoint\",\"urlTemplate\":\"https:\/\/alvaromadaune.com\/?s={search_term_string}\"},\"query-input\":{\"@type\":\"PropertyValueSpecification\",\"valueRequired\":true,\"valueName\":\"search_term_string\"}}],\"inLanguage\":\"es\"},{\"@type\":\"Organization\",\"@id\":\"https:\/\/alvaromadaune.com\/#organization\",\"name\":\"Carpinteros Cartagena\",\"url\":\"https:\/\/alvaromadaune.com\/\",\"logo\":{\"@type\":\"ImageObject\",\"inLanguage\":\"es\",\"@id\":\"https:\/\/alvaromadaune.com\/#\/schema\/logo\/image\/\",\"url\":\"https:\/\/alvaromadaune.com\/wp-content\/uploads\/2023\/04\/cropped-carpinteros-cartagena-1.png\",\"contentUrl\":\"https:\/\/alvaromadaune.com\/wp-content\/uploads\/2023\/04\/cropped-carpinteros-cartagena-1.png\",\"width\":700,\"height\":120,\"caption\":\"Carpinteros Cartagena\"},\"image\":{\"@id\":\"https:\/\/alvaromadaune.com\/#\/schema\/logo\/image\/\"}}]}<\/script>\n<!-- \/ Yoast SEO plugin. -->","yoast_head_json":{"title":"Armarios &#187; Carpinteros Cartagena","robots":{"index":"index","follow":"follow","max-snippet":"max-snippet:-1","max-image-preview":"max-image-preview:large","max-video-preview":"max-video-preview:-1"},"canonical":"https:\/\/alvaromadaune.com\/index.php\/armarios\/","og_locale":"es_ES","og_type":"article","og_title":"Armarios &#187; Carpinteros Cartagena","og_description":"Armarios a medida en Cartagena para organizar tu espacio. Si est\u00e1s buscando un armario que se adapte perfectamente a tus necesidades y a tu espacio, los armarios a medida pueden ser la opci\u00f3n perfecta para ti. Nuestros carpinteros profesionales te ayudan para que consigas el mejor armario a medida o vestidor que se adecue a ... Leer m\u00e1s","og_url":"https:\/\/alvaromadaune.com\/index.php\/armarios\/","og_site_name":"Carpinteros Cartagena","article_modified_time":"2023-08-24T09:14:32+00:00","og_image":[{"width":300,"height":300,"url":"https:\/\/alvaromadaune.com\/wp-content\/uploads\/2023\/04\/armarios-a-medida-cartagena.jpg","type":"image\/jpeg"}],"twitter_card":"summary_large_image","twitter_misc":{"Tiempo de lectura":"2 minutos"},"schema":{"@context":"https:\/\/schema.org","@graph":[{"@type":"WebPage","@id":"https:\/\/alvaromadaune.com\/index.php\/armarios\/","url":"https:\/\/alvaromadaune.com\/index.php\/armarios\/","name":"Armarios &#187; Carpinteros Cartagena","isPartOf":{"@id":"https:\/\/alvaromadaune.com\/#website"},"primaryImageOfPage":{"@id":"https:\/\/alvaromadaune.com\/index.php\/armarios\/#primaryimage"},"image":{"@id":"https:\/\/alvaromadaune.com\/index.php\/armarios\/#primaryimage"},"thumbnailUrl":"https:\/\/alvaromadaune.com\/wp-content\/uploads\/2023\/04\/armarios-a-medida-cartagena.jpg","datePublished":"2023-04-30T09:17:15+00:00","dateModified":"2023-08-24T09:14:32+00:00","breadcrumb":{"@id":"https:\/\/alvaromadaune.com\/index.php\/armarios\/#breadcrumb"},"inLanguage":"es","potentialAction":[{"@type":"ReadAction","target":["https:\/\/alvaromadaune.com\/index.php\/armarios\/"]}]},{"@type":"ImageObject","inLanguage":"es","@id":"https:\/\/alvaromadaune.com\/index.php\/armarios\/#primaryimage","url":"https:\/\/alvaromadaune.com\/wp-content\/uploads\/2023\/04\/armarios-a-medida-cartagena.jpg","contentUrl":"https:\/\/alvaromadaune.com\/wp-content\/uploads\/2023\/04\/armarios-a-medida-cartagena.jpg","width":300,"height":300,"caption":"armarios empotrados a medida en Cartagena"},{"@type":"BreadcrumbList","@id":"https:\/\/alvaromadaune.com\/index.php\/armarios\/#breadcrumb","itemListElement":[{"@type":"ListItem","position":1,"name":"Portada","item":"https:\/\/alvaromadaune.com\/"},{"@type":"ListItem","position":2,"name":"Armarios"}]},{"@type":"WebSite","@id":"https:\/\/alvaromadaune.com\/#website","url":"https:\/\/alvaromadaune.com\/","name":"Carpinteros Cartagena","description":"Carpinteros con Experiencia en Cartagena","publisher":{"@id":"https:\/\/alvaromadaune.com\/#organization"},"potentialAction":[{"@type":"SearchAction","target":{"@type":"EntryPoint","urlTemplate":"https:\/\/alvaromadaune.com\/?s={search_term_string}"},"query-input":{"@type":"PropertyValueSpecification","valueRequired":true,"valueName":"search_term_string"}}],"inLanguage":"es"},{"@type":"Organization","@id":"https:\/\/alvaromadaune.com\/#organization","name":"Carpinteros Cartagena","url":"https:\/\/alvaromadaune.com\/","logo":{"@type":"ImageObject","inLanguage":"es","@id":"https:\/\/alvaromadaune.com\/#\/schema\/logo\/image\/","url":"https:\/\/alvaromadaune.com\/wp-content\/uploads\/2023\/04\/cropped-carpinteros-cartagena-1.png","contentUrl":"https:\/\/alvaromadaune.com\/wp-content\/uploads\/2023\/04\/cropped-carpinteros-cartagena-1.png","width":700,"height":120,"caption":"Carpinteros Cartagena"},"image":{"@id":"https:\/\/alvaromadaune.com\/#\/schema\/logo\/image\/"}}]}},"_links":{"self":[{"href":"https:\/\/alvaromadaune.com\/index.php\/wp-json\/wp\/v2\/pages\/118","targetHints":{"allow":["GET"]}}],"collection":[{"href":"https:\/\/alvaromadaune.com\/index.php\/wp-json\/wp\/v2\/pages"}],"about":[{"href":"https:\/\/alvaromadaune.com\/index.php\/wp-json\/wp\/v2\/types\/page"}],"author":[{"embeddable":true,"href":"https:\/\/alvaromadaune.com\/index.php\/wp-json\/wp\/v2\/users\/1"}],"replies":[{"embeddable":true,"href":"https:\/\/alvaromadaune.com\/index.php\/wp-json\/wp\/v2\/comments?post=118"}],"version-history":[{"count":29,"href":"https:\/\/alvaromadaune.com\/index.php\/wp-json\/wp\/v2\/pages\/118\/revisions"}],"predecessor-version":[{"id":510,"href":"https:\/\/alvaromadaune.com\/index.php\/wp-json\/wp\/v2\/pages\/118\/revisions\/510"}],"wp:featuredmedia":[{"embeddable":true,"href":"https:\/\/alvaromadaune.com\/index.php\/wp-json\/wp\/v2\/media\/40"}],"wp:attachment":[{"href":"https:\/\/alvaromadaune.com\/index.php\/wp-json\/wp\/v2\/media?parent=118"}],"curies":[{"name":"wp","href":"https:\/\/api.w.org\/{rel}","templated":true}]}}