{"id":123,"date":"2023-04-30T10:34:19","date_gmt":"2023-04-30T10:34:19","guid":{"rendered":"https:\/\/alvaromadaune.com\/?page_id=123"},"modified":"2023-08-25T16:38:09","modified_gmt":"2023-08-25T16:38:09","slug":"ventanas","status":"publish","type":"page","link":"https:\/\/alvaromadaune.com\/index.php\/ventanas\/","title":{"rendered":"Ventanas"},"content":{"rendered":"\n<h4 class=\"wp-block-heading has-text-align-center has-accent-color has-text-color\"><strong>Ventanas de madera a medida en Cartagena.<\/strong><\/h4>\n\n\n\n<p class=\"has-text-align-left\">La carpinter\u00eda de ventanas es un arte que requiere habilidad y experiencia para crear piezas de calidad y durabilidad. En este sentido, es importante elegir un carpintero con experiencia en la fabricaci\u00f3n, ya que \u00e9ste podr\u00e1 ofrecer asesoramiento en cuanto a materiales, t\u00e9cnicas y dise\u00f1os.<\/p>\n\n\n<div class=\"wp-block-image\">\n<figure class=\"aligncenter size-large is-resized\"><img decoding=\"async\" src=\"https:\/\/alvaromadaune.com\/wp-content\/uploads\/2023\/05\/ventanas-a-medida-cartagena-scaled-e1683192217824-1024x604.jpg\" alt=\"carpinter\u00eda de ventanas\" class=\"wp-image-328\" style=\"width:570px\" width=\"570\" srcset=\"https:\/\/alvaromadaune.com\/wp-content\/uploads\/2023\/05\/ventanas-a-medida-cartagena-scaled-e1683192217824-1024x604.jpg 1024w, https:\/\/alvaromadaune.com\/wp-content\/uploads\/2023\/05\/ventanas-a-medida-cartagena-scaled-e1683192217824-300x177.jpg 300w, https:\/\/alvaromadaune.com\/wp-content\/uploads\/2023\/05\/ventanas-a-medida-cartagena-scaled-e1683192217824-768x453.jpg 768w, https:\/\/alvaromadaune.com\/wp-content\/uploads\/2023\/05\/ventanas-a-medida-cartagena-scaled-e1683192217824-1536x906.jpg 1536w, https:\/\/alvaromadaune.com\/wp-content\/uploads\/2023\/05\/ventanas-a-medida-cartagena-scaled-e1683192217824-2048x1208.jpg 2048w\" sizes=\"(max-width: 1024px) 100vw, 1024px\" \/><\/figure>\n<\/div>\n\n\n<div style=\"height:50px\" aria-hidden=\"true\" class=\"wp-block-spacer\"><\/div>\n\n\n\n<h4 class=\"wp-block-heading has-text-align-center has-accent-color has-text-color\"><strong>Ventanas resistentes y duraderas<\/strong><\/h4>\n\n\n\n<p class=\"has-text-align-left\">Las ventanas de madera son una opci\u00f3n popular entre quienes buscan un estilo tradicional y acogedor en su hogar o negocio. La madera es un material resistente y duradero, que se adapta bien a diferentes estilos y dise\u00f1os. Adem\u00e1s, las ventanas de madera pueden personalizarse con diferentes tipos de acabados y tratamientos, lo que permite adaptarlas a diferentes ambientes y necesidades.<\/p>\n\n\n<div class=\"wp-block-image\">\n<figure class=\"aligncenter size-large is-resized\"><img decoding=\"async\" src=\"https:\/\/alvaromadaune.com\/wp-content\/uploads\/2023\/05\/ventanas-madera-cartagena-768x1024.jpg\" alt=\"ventanas exclusivas\" class=\"wp-image-331\" style=\"width:521px\" width=\"521\"\/><\/figure>\n<\/div>\n\n\n<div style=\"height:50px\" aria-hidden=\"true\" class=\"wp-block-spacer\"><\/div>\n\n\n\n<h4 class=\"wp-block-heading has-text-align-center has-accent-color has-text-color\"><strong>Ventanas fabricadas con maderas de calidad<\/strong>.<\/h4>\n\n\n\n<p class=\"has-text-align-left\">La calidad es un aspecto fundamental a tener en cuenta al elegir ventanas a medida. En este sentido, es importante elegir maderas de calidad que sean resistentes y duraderas, como la madera de roble, haya o pino. Adem\u00e1s, es importante que las ventanas est\u00e9n fabricadas con materiales de alta calidad y con t\u00e9cnicas y acabados que garanticen su durabilidad y resistencia.<\/p>\n\n\n<div class=\"wp-block-image\">\n<figure class=\"aligncenter size-large is-resized\"><img decoding=\"async\" src=\"https:\/\/alvaromadaune.com\/wp-content\/uploads\/2023\/05\/ventanas-de-maderas-nobles-1-1024x683.jpg\" alt=\"carpintero de ventanas\" class=\"wp-image-345\" style=\"width:570px\" width=\"570\" srcset=\"https:\/\/alvaromadaune.com\/wp-content\/uploads\/2023\/05\/ventanas-de-maderas-nobles-1-1024x683.jpg 1024w, https:\/\/alvaromadaune.com\/wp-content\/uploads\/2023\/05\/ventanas-de-maderas-nobles-1-300x200.jpg 300w, https:\/\/alvaromadaune.com\/wp-content\/uploads\/2023\/05\/ventanas-de-maderas-nobles-1-768x512.jpg 768w, https:\/\/alvaromadaune.com\/wp-content\/uploads\/2023\/05\/ventanas-de-maderas-nobles-1-1536x1024.jpg 1536w, https:\/\/alvaromadaune.com\/wp-content\/uploads\/2023\/05\/ventanas-de-maderas-nobles-1-2048x1365.jpg 2048w\" sizes=\"(max-width: 1024px) 100vw, 1024px\" \/><\/figure>\n<\/div>\n\n\n<div style=\"height:50px\" aria-hidden=\"true\" class=\"wp-block-spacer\"><\/div>\n\n\n\n<h4 class=\"wp-block-heading has-text-align-center has-accent-color has-text-color\"><strong>Carpinteros con experiencia<\/strong><\/h4>\n\n\n\n<p class=\"has-text-align-left\">Los carpinteros con experiencia son esenciales en la fabricaci\u00f3n de tus ventanas. Al elegir un carpintero que sabe lo que hace se garantiza la calidad y durabilidad de las ventanas, as\u00ed como una atenci\u00f3n personalizada y un asesoramiento experto en cuanto a materiales, t\u00e9cnicas y dise\u00f1os. Un carpintero con experiencia es capaz de adaptarse a diferentes necesidades y estilos, y te puede ofrecer soluciones personalizadas para cada proyecto.<\/p>\n\n\n\n<div class=\"wp-block-buttons is-content-justification-center is-layout-flex wp-container-core-buttons-is-layout-16018d1d wp-block-buttons-is-layout-flex\">\n<div class=\"wp-block-button has-custom-font-size has-medium-font-size\"><a class=\"wp-block-button__link has-background wp-element-button\" href=\"https:\/\/alvaromadaune.com\/index.php\/presupuesto\/\" style=\"background-color:#ff3300\">Quiero mi presupuesto<\/a><\/div>\n<\/div>\n","protected":false},"excerpt":{"rendered":"<p>Ventanas de madera a medida en Cartagena. La carpinter\u00eda de ventanas es un arte que requiere habilidad y experiencia para crear piezas de calidad y durabilidad. En este sentido, es importante elegir un carpintero con experiencia en la fabricaci\u00f3n, ya que \u00e9ste podr\u00e1 ofrecer asesoramiento en cuanto a materiales, t\u00e9cnicas y dise\u00f1os. Ventanas resistentes y &#8230; <a title=\"Ventanas\" class=\"read-more\" href=\"https:\/\/alvaromadaune.com\/index.php\/ventanas\/\" aria-label=\"M\u00e1s en Ventanas\">Leer m\u00e1s<\/a><\/p>\n","protected":false},"author":1,"featured_media":41,"parent":0,"menu_order":0,"comment_status":"closed","ping_status":"closed","template":"","meta":{"footnotes":""},"class_list":["post-123","page","type-page","status-publish","has-post-thumbnail"],"yoast_head":"<!-- This site is optimized with the Yoast SEO plugin v24.4 - https:\/\/yoast.com\/wordpress\/plugins\/seo\/ -->\n<title>Ventanas &#187; Carpinteros Cartagena<\/title>\n<meta name=\"robots\" content=\"index, follow, max-snippet:-1, max-image-preview:large, max-video-preview:-1\" \/>\n<link rel=\"canonical\" href=\"https:\/\/alvaromadaune.com\/index.php\/ventanas\/\" \/>\n<meta property=\"og:locale\" content=\"es_ES\" \/>\n<meta property=\"og:type\" content=\"article\" \/>\n<meta property=\"og:title\" content=\"Ventanas &#187; Carpinteros Cartagena\" \/>\n<meta property=\"og:description\" content=\"Ventanas de madera a medida en Cartagena. La carpinter\u00eda de ventanas es un arte que requiere habilidad y experiencia para crear piezas de calidad y durabilidad. En este sentido, es importante elegir un carpintero con experiencia en la fabricaci\u00f3n, ya que \u00e9ste podr\u00e1 ofrecer asesoramiento en cuanto a materiales, t\u00e9cnicas y dise\u00f1os. Ventanas resistentes y ... Leer m\u00e1s\" \/>\n<meta property=\"og:url\" content=\"https:\/\/alvaromadaune.com\/index.php\/ventanas\/\" \/>\n<meta property=\"og:site_name\" content=\"Carpinteros Cartagena\" \/>\n<meta property=\"article:modified_time\" content=\"2023-08-25T16:38:09+00:00\" \/>\n<meta property=\"og:image\" content=\"https:\/\/alvaromadaune.com\/wp-content\/uploads\/2023\/04\/carpintero-vantanas-cartagena.jpg\" \/>\n\t<meta property=\"og:image:width\" content=\"300\" \/>\n\t<meta property=\"og:image:height\" content=\"300\" \/>\n\t<meta property=\"og:image:type\" content=\"image\/jpeg\" \/>\n<meta name=\"twitter:card\" content=\"summary_large_image\" \/>\n<meta name=\"twitter:label1\" content=\"Tiempo de lectura\" \/>\n\t<meta name=\"twitter:data1\" content=\"2 minutos\" \/>\n<script type=\"application\/ld+json\" class=\"yoast-schema-graph\">{\"@context\":\"https:\/\/schema.org\",\"@graph\":[{\"@type\":\"WebPage\",\"@id\":\"https:\/\/alvaromadaune.com\/index.php\/ventanas\/\",\"url\":\"https:\/\/alvaromadaune.com\/index.php\/ventanas\/\",\"name\":\"Ventanas &#187; Carpinteros Cartagena\",\"isPartOf\":{\"@id\":\"https:\/\/alvaromadaune.com\/#website\"},\"primaryImageOfPage\":{\"@id\":\"https:\/\/alvaromadaune.com\/index.php\/ventanas\/#primaryimage\"},\"image\":{\"@id\":\"https:\/\/alvaromadaune.com\/index.php\/ventanas\/#primaryimage\"},\"thumbnailUrl\":\"https:\/\/alvaromadaune.com\/wp-content\/uploads\/2023\/04\/carpintero-vantanas-cartagena.jpg\",\"datePublished\":\"2023-04-30T10:34:19+00:00\",\"dateModified\":\"2023-08-25T16:38:09+00:00\",\"breadcrumb\":{\"@id\":\"https:\/\/alvaromadaune.com\/index.php\/ventanas\/#breadcrumb\"},\"inLanguage\":\"es\",\"potentialAction\":[{\"@type\":\"ReadAction\",\"target\":[\"https:\/\/alvaromadaune.com\/index.php\/ventanas\/\"]}]},{\"@type\":\"ImageObject\",\"inLanguage\":\"es\",\"@id\":\"https:\/\/alvaromadaune.com\/index.php\/ventanas\/#primaryimage\",\"url\":\"https:\/\/alvaromadaune.com\/wp-content\/uploads\/2023\/04\/carpintero-vantanas-cartagena.jpg\",\"contentUrl\":\"https:\/\/alvaromadaune.com\/wp-content\/uploads\/2023\/04\/carpintero-vantanas-cartagena.jpg\",\"width\":300,\"height\":300,\"caption\":\"ventanas de madera Cartagena\"},{\"@type\":\"BreadcrumbList\",\"@id\":\"https:\/\/alvaromadaune.com\/index.php\/ventanas\/#breadcrumb\",\"itemListElement\":[{\"@type\":\"ListItem\",\"position\":1,\"name\":\"Portada\",\"item\":\"https:\/\/alvaromadaune.com\/\"},{\"@type\":\"ListItem\",\"position\":2,\"name\":\"Ventanas\"}]},{\"@type\":\"WebSite\",\"@id\":\"https:\/\/alvaromadaune.com\/#website\",\"url\":\"https:\/\/alvaromadaune.com\/\",\"name\":\"Carpinteros Cartagena\",\"description\":\"Carpinteros con Experiencia en Cartagena\",\"publisher\":{\"@id\":\"https:\/\/alvaromadaune.com\/#organization\"},\"potentialAction\":[{\"@type\":\"SearchAction\",\"target\":{\"@type\":\"EntryPoint\",\"urlTemplate\":\"https:\/\/alvaromadaune.com\/?s={search_term_string}\"},\"query-input\":{\"@type\":\"PropertyValueSpecification\",\"valueRequired\":true,\"valueName\":\"search_term_string\"}}],\"inLanguage\":\"es\"},{\"@type\":\"Organization\",\"@id\":\"https:\/\/alvaromadaune.com\/#organization\",\"name\":\"Carpinteros Cartagena\",\"url\":\"https:\/\/alvaromadaune.com\/\",\"logo\":{\"@type\":\"ImageObject\",\"inLanguage\":\"es\",\"@id\":\"https:\/\/alvaromadaune.com\/#\/schema\/logo\/image\/\",\"url\":\"https:\/\/alvaromadaune.com\/wp-content\/uploads\/2023\/04\/cropped-carpinteros-cartagena-1.png\",\"contentUrl\":\"https:\/\/alvaromadaune.com\/wp-content\/uploads\/2023\/04\/cropped-carpinteros-cartagena-1.png\",\"width\":700,\"height\":120,\"caption\":\"Carpinteros Cartagena\"},\"image\":{\"@id\":\"https:\/\/alvaromadaune.com\/#\/schema\/logo\/image\/\"}}]}<\/script>\n<!-- \/ Yoast SEO plugin. -->","yoast_head_json":{"title":"Ventanas &#187; Carpinteros Cartagena","robots":{"index":"index","follow":"follow","max-snippet":"max-snippet:-1","max-image-preview":"max-image-preview:large","max-video-preview":"max-video-preview:-1"},"canonical":"https:\/\/alvaromadaune.com\/index.php\/ventanas\/","og_locale":"es_ES","og_type":"article","og_title":"Ventanas &#187; Carpinteros Cartagena","og_description":"Ventanas de madera a medida en Cartagena. La carpinter\u00eda de ventanas es un arte que requiere habilidad y experiencia para crear piezas de calidad y durabilidad. En este sentido, es importante elegir un carpintero con experiencia en la fabricaci\u00f3n, ya que \u00e9ste podr\u00e1 ofrecer asesoramiento en cuanto a materiales, t\u00e9cnicas y dise\u00f1os. Ventanas resistentes y ... Leer m\u00e1s","og_url":"https:\/\/alvaromadaune.com\/index.php\/ventanas\/","og_site_name":"Carpinteros Cartagena","article_modified_time":"2023-08-25T16:38:09+00:00","og_image":[{"width":300,"height":300,"url":"https:\/\/alvaromadaune.com\/wp-content\/uploads\/2023\/04\/carpintero-vantanas-cartagena.jpg","type":"image\/jpeg"}],"twitter_card":"summary_large_image","twitter_misc":{"Tiempo de lectura":"2 minutos"},"schema":{"@context":"https:\/\/schema.org","@graph":[{"@type":"WebPage","@id":"https:\/\/alvaromadaune.com\/index.php\/ventanas\/","url":"https:\/\/alvaromadaune.com\/index.php\/ventanas\/","name":"Ventanas &#187; Carpinteros Cartagena","isPartOf":{"@id":"https:\/\/alvaromadaune.com\/#website"},"primaryImageOfPage":{"@id":"https:\/\/alvaromadaune.com\/index.php\/ventanas\/#primaryimage"},"image":{"@id":"https:\/\/alvaromadaune.com\/index.php\/ventanas\/#primaryimage"},"thumbnailUrl":"https:\/\/alvaromadaune.com\/wp-content\/uploads\/2023\/04\/carpintero-vantanas-cartagena.jpg","datePublished":"2023-04-30T10:34:19+00:00","dateModified":"2023-08-25T16:38:09+00:00","breadcrumb":{"@id":"https:\/\/alvaromadaune.com\/index.php\/ventanas\/#breadcrumb"},"inLanguage":"es","potentialAction":[{"@type":"ReadAction","target":["https:\/\/alvaromadaune.com\/index.php\/ventanas\/"]}]},{"@type":"ImageObject","inLanguage":"es","@id":"https:\/\/alvaromadaune.com\/index.php\/ventanas\/#primaryimage","url":"https:\/\/alvaromadaune.com\/wp-content\/uploads\/2023\/04\/carpintero-vantanas-cartagena.jpg","contentUrl":"https:\/\/alvaromadaune.com\/wp-content\/uploads\/2023\/04\/carpintero-vantanas-cartagena.jpg","width":300,"height":300,"caption":"ventanas de madera Cartagena"},{"@type":"BreadcrumbList","@id":"https:\/\/alvaromadaune.com\/index.php\/ventanas\/#breadcrumb","itemListElement":[{"@type":"ListItem","position":1,"name":"Portada","item":"https:\/\/alvaromadaune.com\/"},{"@type":"ListItem","position":2,"name":"Ventanas"}]},{"@type":"WebSite","@id":"https:\/\/alvaromadaune.com\/#website","url":"https:\/\/alvaromadaune.com\/","name":"Carpinteros Cartagena","description":"Carpinteros con Experiencia en Cartagena","publisher":{"@id":"https:\/\/alvaromadaune.com\/#organization"},"potentialAction":[{"@type":"SearchAction","target":{"@type":"EntryPoint","urlTemplate":"https:\/\/alvaromadaune.com\/?s={search_term_string}"},"query-input":{"@type":"PropertyValueSpecification","valueRequired":true,"valueName":"search_term_string"}}],"inLanguage":"es"},{"@type":"Organization","@id":"https:\/\/alvaromadaune.com\/#organization","name":"Carpinteros Cartagena","url":"https:\/\/alvaromadaune.com\/","logo":{"@type":"ImageObject","inLanguage":"es","@id":"https:\/\/alvaromadaune.com\/#\/schema\/logo\/image\/","url":"https:\/\/alvaromadaune.com\/wp-content\/uploads\/2023\/04\/cropped-carpinteros-cartagena-1.png","contentUrl":"https:\/\/alvaromadaune.com\/wp-content\/uploads\/2023\/04\/cropped-carpinteros-cartagena-1.png","width":700,"height":120,"caption":"Carpinteros Cartagena"},"image":{"@id":"https:\/\/alvaromadaune.com\/#\/schema\/logo\/image\/"}}]}},"_links":{"self":[{"href":"https:\/\/alvaromadaune.com\/index.php\/wp-json\/wp\/v2\/pages\/123","targetHints":{"allow":["GET"]}}],"collection":[{"href":"https:\/\/alvaromadaune.com\/index.php\/wp-json\/wp\/v2\/pages"}],"about":[{"href":"https:\/\/alvaromadaune.com\/index.php\/wp-json\/wp\/v2\/types\/page"}],"author":[{"embeddable":true,"href":"https:\/\/alvaromadaune.com\/index.php\/wp-json\/wp\/v2\/users\/1"}],"replies":[{"embeddable":true,"href":"https:\/\/alvaromadaune.com\/index.php\/wp-json\/wp\/v2\/comments?post=123"}],"version-history":[{"count":16,"href":"https:\/\/alvaromadaune.com\/index.php\/wp-json\/wp\/v2\/pages\/123\/revisions"}],"predecessor-version":[{"id":555,"href":"https:\/\/alvaromadaune.com\/index.php\/wp-json\/wp\/v2\/pages\/123\/revisions\/555"}],"wp:featuredmedia":[{"embeddable":true,"href":"https:\/\/alvaromadaune.com\/index.php\/wp-json\/wp\/v2\/media\/41"}],"wp:attachment":[{"href":"https:\/\/alvaromadaune.com\/index.php\/wp-json\/wp\/v2\/media?parent=123"}],"curies":[{"name":"wp","href":"https:\/\/api.w.org\/{rel}","templated":true}]}}