{"id":6,"date":"2023-04-26T17:46:31","date_gmt":"2023-04-26T17:46:31","guid":{"rendered":"https:\/\/alvaromadaune.com\/?page_id=6"},"modified":"2023-08-25T16:42:18","modified_gmt":"2023-08-25T16:42:18","slug":"servicio-ciudad","status":"publish","type":"page","link":"https:\/\/alvaromadaune.com\/","title":{"rendered":"Home"},"content":{"rendered":"\n<div style=\"height:3px\" aria-hidden=\"true\" class=\"wp-block-spacer\"><\/div>\n\n\n\n<h2 class=\"wp-block-heading has-text-align-center has-accent-color has-text-color\"> <strong>Carpinteros en Cartagena<\/strong><\/h2>\n\n\n\n<div style=\"height:76px\" aria-hidden=\"true\" class=\"wp-block-spacer\"><\/div>\n\n\n\n<p class=\"has-text-align-center\">\u00bfTienes ya un presupuesto?<\/p>\n\n\n\n<p class=\"has-text-align-center\">No te preocupes, tanto como si lo tienes o no te preparamos uno de manera r\u00e1pida, f\u00e1cil, gratis y sin compromiso.<\/p>\n\n\n\n<div class=\"wp-block-buttons is-content-justification-center is-layout-flex wp-container-core-buttons-is-layout-16018d1d wp-block-buttons-is-layout-flex\">\n<div class=\"wp-block-button has-custom-font-size is-style-fill has-medium-font-size\"><a class=\"wp-block-button__link has-background wp-element-button\" href=\"https:\/\/alvaromadaune.com\/index.php\/presupuesto\/\" style=\"border-radius:31px;background-color:#ff3300\">Quiero mi presupuesto<\/a><\/div>\n<\/div>\n\n\n\n<div style=\"height:130px\" aria-hidden=\"true\" class=\"wp-block-spacer\"><\/div>\n\n\n\n<div class=\"wp-block-media-text is-stacked-on-mobile is-vertically-aligned-center is-image-fill\" style=\"grid-template-columns:58% auto\"><figure class=\"wp-block-media-text__media\" style=\"background-image:url(https:\/\/alvaromadaune.com\/wp-content\/uploads\/2023\/04\/Carpinteria-Cartagena-300x180.jpg);background-position:74% 43%\"><img loading=\"lazy\" decoding=\"async\" width=\"300\" height=\"180\" src=\"https:\/\/alvaromadaune.com\/wp-content\/uploads\/2023\/04\/Carpinteria-Cartagena-300x180.jpg\" alt=\"Carpinteros baratos Cartagena\" class=\"wp-image-75 size-medium\" srcset=\"https:\/\/alvaromadaune.com\/wp-content\/uploads\/2023\/04\/Carpinteria-Cartagena-300x180.jpg 300w, https:\/\/alvaromadaune.com\/wp-content\/uploads\/2023\/04\/Carpinteria-Cartagena.jpg 500w\" sizes=\"auto, (max-width: 300px) 100vw, 300px\" \/><\/figure><div class=\"wp-block-media-text__content\">\n<h4 class=\"wp-block-heading has-text-align-center has-accent-color has-text-color\"><strong>\u00bfEstas buscando un carpintero profesional en Cartagena?<\/strong><\/h4>\n\n\n\n<p>Si quieres un trabajo bien hecho es muy importante delegar el trabajo a un buen profesional, y para eso tienes que encontrar una <strong>carpinter\u00eda en Cartagena <\/strong>seria y de calidad.<\/p>\n<\/div><\/div>\n\n\n\n<div style=\"height:65px\" aria-hidden=\"true\" class=\"wp-block-spacer\"><\/div>\n\n\n\n<p class=\"has-text-align-left\">Para un trabajo de <strong>carpinter\u00eda de calidad en Cartagena<\/strong> es esencial contratar a un carpintero profesional.<strong> Los carpinteros cualificados<\/strong> tienen la experiencia y habilidades necesarias para realizar proyectos de carpinter\u00eda con excelencia y calidad. Adem\u00e1s, un <strong>carpintero profesional<\/strong> se asegurar\u00e1 de que cada detalle del trabajo se realice correctamente y cumpliendo con los m\u00e1s <strong>altos est\u00e1ndares<\/strong>. <\/p>\n\n\n\n<p class=\"has-text-align-left\"><\/p>\n\n\n\n<div style=\"height:59px\" aria-hidden=\"true\" class=\"wp-block-spacer\"><\/div>\n\n\n\n<div class=\"wp-block-media-text has-media-on-the-right is-stacked-on-mobile is-vertically-aligned-center is-image-fill\" style=\"grid-template-columns:auto 27%\"><div class=\"wp-block-media-text__content\">\n<h4 class=\"wp-block-heading has-text-align-center has-accent-color has-text-color\"><strong>\u00bfQu\u00e9 es lo mejor de contratar a un carpintero en Cartagena  ?<\/strong><\/h4>\n\n\n\n<p><\/p>\n\n\n\n<p class=\"has-text-align-left\">Contratar a un <strong>carpintero profesional<\/strong> garantiza que el trabajo se realizar\u00e1 dentro del plazo acordado y se ajustar\u00e1 al presupuesto establecido. En resumen, contar con un carpintero profesional en Cartagena significa obtener un trabajo de<strong> calidad y de confianza<\/strong> que cumplir\u00e1 con todas tus expectativas.<\/p>\n\n\n\n<div style=\"height:32px\" aria-hidden=\"true\" class=\"wp-block-spacer\"><\/div>\n\n\n\n<p><\/p>\n\n\n\n<div class=\"wp-block-buttons has-custom-font-size has-medium-font-size is-horizontal is-content-justification-center is-layout-flex wp-container-core-buttons-is-layout-769315fb wp-block-buttons-is-layout-flex\">\n<div class=\"wp-block-button\"><a class=\"wp-block-button__link has-background wp-element-button\" href=\"https:\/\/alvaromadaune.com\/index.php\/presupuesto\/\" style=\"background-color:#ff3300\">Quiero mi presupuesto<\/a><\/div>\n<\/div>\n<\/div><figure class=\"wp-block-media-text__media\" style=\"background-image:url(https:\/\/alvaromadaune.com\/wp-content\/uploads\/2023\/04\/Carpintero-barato-en-Cartagena-scaled-e1682946699113-712x1024.jpg);background-position:11% 71%\"><img loading=\"lazy\" decoding=\"async\" width=\"712\" height=\"1024\" src=\"https:\/\/alvaromadaune.com\/wp-content\/uploads\/2023\/04\/Carpintero-barato-en-Cartagena-scaled-e1682946699113-712x1024.jpg\" alt=\"carpinteros\" class=\"wp-image-94 size-large\" srcset=\"https:\/\/alvaromadaune.com\/wp-content\/uploads\/2023\/04\/Carpintero-barato-en-Cartagena-scaled-e1682946699113-712x1024.jpg 712w, https:\/\/alvaromadaune.com\/wp-content\/uploads\/2023\/04\/Carpintero-barato-en-Cartagena-scaled-e1682946699113-208x300.jpg 208w, https:\/\/alvaromadaune.com\/wp-content\/uploads\/2023\/04\/Carpintero-barato-en-Cartagena-scaled-e1682946699113-768x1105.jpg 768w, https:\/\/alvaromadaune.com\/wp-content\/uploads\/2023\/04\/Carpintero-barato-en-Cartagena-scaled-e1682946699113-1067x1536.jpg 1067w, https:\/\/alvaromadaune.com\/wp-content\/uploads\/2023\/04\/Carpintero-barato-en-Cartagena-scaled-e1682946699113-1423x2048.jpg 1423w, https:\/\/alvaromadaune.com\/wp-content\/uploads\/2023\/04\/Carpintero-barato-en-Cartagena-scaled-e1682946699113.jpg 1574w\" sizes=\"auto, (max-width: 712px) 100vw, 712px\" \/><\/figure><\/div>\n\n\n\n<div style=\"height:107px\" aria-hidden=\"true\" class=\"wp-block-spacer\"><\/div>\n\n\n\n<h4 class=\"wp-block-heading has-text-align-center has-accent-color has-text-color\"><strong>Los trabajos m\u00e1s solicitados por nuestros clientes<\/strong><\/h4>\n\n\n\n<div style=\"height:27px\" aria-hidden=\"true\" class=\"wp-block-spacer\"><\/div>\n\n\n<div class=\"pt-cv-wrapper\"><div class=\"pt-cv-view pt-cv-grid pt-cv-colsys\" id=\"pt-cv-view-a2269715ja\"><div data-id=\"pt-cv-page-1\" class=\"pt-cv-page\" data-cvc=\"3\"><div class=\"col-md-4 col-sm-6 col-xs-12 pt-cv-content-item pt-cv-1-col\" ><div class='pt-cv-ifield'><a href=\"https:\/\/alvaromadaune.com\/index.php\/suelos-de-madera\/\" class=\"_self pt-cv-href-thumbnail pt-cv-thumb-default\" target=\"_self\" ><img loading=\"lazy\" decoding=\"async\" width=\"300\" height=\"300\" src=\"https:\/\/alvaromadaune.com\/wp-content\/uploads\/2023\/04\/tarimas-laminados-y-suelos-de-parque.jpg\" class=\"pt-cv-thumbnail\" alt=\"Tarimas, laminados y suelos de parqu\u00e9 Cartagena\" srcset=\"https:\/\/alvaromadaune.com\/wp-content\/uploads\/2023\/04\/tarimas-laminados-y-suelos-de-parque.jpg 300w, https:\/\/alvaromadaune.com\/wp-content\/uploads\/2023\/04\/tarimas-laminados-y-suelos-de-parque-150x150.jpg 150w\" sizes=\"auto, (max-width: 300px) 100vw, 300px\" \/><\/a>\n<h3 class=\"pt-cv-title\"><a href=\"https:\/\/alvaromadaune.com\/index.php\/suelos-de-madera\/\" class=\"_self\" target=\"_self\" >Suelos<\/a><\/h3><\/div><\/div>\n<div class=\"col-md-4 col-sm-6 col-xs-12 pt-cv-content-item pt-cv-1-col\" ><div class='pt-cv-ifield'><a href=\"https:\/\/alvaromadaune.com\/index.php\/puertas\/\" class=\"_self pt-cv-href-thumbnail pt-cv-thumb-default\" target=\"_self\" ><img loading=\"lazy\" decoding=\"async\" width=\"300\" height=\"300\" src=\"https:\/\/alvaromadaune.com\/wp-content\/uploads\/2023\/04\/puertas-a-medida-cartagena.jpg\" class=\"pt-cv-thumbnail\" alt=\"puertas de madera Cartagena\" srcset=\"https:\/\/alvaromadaune.com\/wp-content\/uploads\/2023\/04\/puertas-a-medida-cartagena.jpg 300w, https:\/\/alvaromadaune.com\/wp-content\/uploads\/2023\/04\/puertas-a-medida-cartagena-150x150.jpg 150w\" sizes=\"auto, (max-width: 300px) 100vw, 300px\" \/><\/a>\n<h3 class=\"pt-cv-title\"><a href=\"https:\/\/alvaromadaune.com\/index.php\/puertas\/\" class=\"_self\" target=\"_self\" >Puertas<\/a><\/h3><\/div><\/div>\n<div class=\"col-md-4 col-sm-6 col-xs-12 pt-cv-content-item pt-cv-1-col\" ><div class='pt-cv-ifield'><a href=\"https:\/\/alvaromadaune.com\/index.php\/cocinas\/\" class=\"_self pt-cv-href-thumbnail pt-cv-thumb-default\" target=\"_self\" ><img loading=\"lazy\" decoding=\"async\" width=\"300\" height=\"300\" src=\"https:\/\/alvaromadaune.com\/wp-content\/uploads\/2023\/04\/Cocinas-a-medida-cartagena.jpg\" class=\"pt-cv-thumbnail\" alt=\"cocinas a medida Cartagena\" srcset=\"https:\/\/alvaromadaune.com\/wp-content\/uploads\/2023\/04\/Cocinas-a-medida-cartagena.jpg 300w, https:\/\/alvaromadaune.com\/wp-content\/uploads\/2023\/04\/Cocinas-a-medida-cartagena-150x150.jpg 150w\" sizes=\"auto, (max-width: 300px) 100vw, 300px\" \/><\/a>\n<h3 class=\"pt-cv-title\"><a href=\"https:\/\/alvaromadaune.com\/index.php\/cocinas\/\" class=\"_self\" target=\"_self\" >Cocinas<\/a><\/h3><\/div><\/div>\n<div class=\"col-md-4 col-sm-6 col-xs-12 pt-cv-content-item pt-cv-1-col\" ><div class='pt-cv-ifield'><a href=\"https:\/\/alvaromadaune.com\/index.php\/muebles\/\" class=\"_self pt-cv-href-thumbnail pt-cv-thumb-default\" target=\"_self\" ><img loading=\"lazy\" decoding=\"async\" width=\"300\" height=\"300\" src=\"https:\/\/alvaromadaune.com\/wp-content\/uploads\/2023\/04\/fabricacion-de-muebles-a-medida.jpg\" class=\"pt-cv-thumbnail\" alt=\"fabricaci\u00f3n de muebles a medida en Cartagena\" srcset=\"https:\/\/alvaromadaune.com\/wp-content\/uploads\/2023\/04\/fabricacion-de-muebles-a-medida.jpg 300w, https:\/\/alvaromadaune.com\/wp-content\/uploads\/2023\/04\/fabricacion-de-muebles-a-medida-150x150.jpg 150w\" sizes=\"auto, (max-width: 300px) 100vw, 300px\" \/><\/a>\n<h3 class=\"pt-cv-title\"><a href=\"https:\/\/alvaromadaune.com\/index.php\/muebles\/\" class=\"_self\" target=\"_self\" >Muebles<\/a><\/h3><\/div><\/div>\n<div class=\"col-md-4 col-sm-6 col-xs-12 pt-cv-content-item pt-cv-1-col\" ><div class='pt-cv-ifield'><a href=\"https:\/\/alvaromadaune.com\/index.php\/ventanas\/\" class=\"_self pt-cv-href-thumbnail pt-cv-thumb-default\" target=\"_self\" ><img loading=\"lazy\" decoding=\"async\" width=\"300\" height=\"300\" src=\"https:\/\/alvaromadaune.com\/wp-content\/uploads\/2023\/04\/carpintero-vantanas-cartagena.jpg\" class=\"pt-cv-thumbnail\" alt=\"ventanas de madera Cartagena\" srcset=\"https:\/\/alvaromadaune.com\/wp-content\/uploads\/2023\/04\/carpintero-vantanas-cartagena.jpg 300w, https:\/\/alvaromadaune.com\/wp-content\/uploads\/2023\/04\/carpintero-vantanas-cartagena-150x150.jpg 150w\" sizes=\"auto, (max-width: 300px) 100vw, 300px\" \/><\/a>\n<h3 class=\"pt-cv-title\"><a href=\"https:\/\/alvaromadaune.com\/index.php\/ventanas\/\" class=\"_self\" target=\"_self\" >Ventanas<\/a><\/h3><\/div><\/div>\n<div class=\"col-md-4 col-sm-6 col-xs-12 pt-cv-content-item pt-cv-1-col\" ><div class='pt-cv-ifield'><a href=\"https:\/\/alvaromadaune.com\/index.php\/armarios\/\" class=\"_self pt-cv-href-thumbnail pt-cv-thumb-default\" target=\"_self\" ><img loading=\"lazy\" decoding=\"async\" width=\"300\" height=\"300\" src=\"https:\/\/alvaromadaune.com\/wp-content\/uploads\/2023\/04\/armarios-a-medida-cartagena.jpg\" class=\"pt-cv-thumbnail\" alt=\"armarios empotrados a medida en Cartagena\" srcset=\"https:\/\/alvaromadaune.com\/wp-content\/uploads\/2023\/04\/armarios-a-medida-cartagena.jpg 300w, https:\/\/alvaromadaune.com\/wp-content\/uploads\/2023\/04\/armarios-a-medida-cartagena-150x150.jpg 150w\" sizes=\"auto, (max-width: 300px) 100vw, 300px\" \/><\/a>\n<h3 class=\"pt-cv-title\"><a href=\"https:\/\/alvaromadaune.com\/index.php\/armarios\/\" class=\"_self\" target=\"_self\" >Armarios<\/a><\/h3><\/div><\/div><\/div><\/div><\/div>\n\n\n\n<div style=\"height:50px\" aria-hidden=\"true\" class=\"wp-block-spacer\"><\/div>\n\n\n\n<h4 class=\"wp-block-heading has-text-align-center has-accent-color has-text-color\"><strong>Lo mejor de contratar a un carpintero<\/strong> <strong>profesional<\/strong><\/h4>\n\n\n\n<p class=\"has-text-align-left\">Si necesitas un mueble espec\u00edfico que no puedes encontrar en ninguna tienda, estos carpinteros pueden ayudarte a <strong>dise\u00f1arlo y crearlo <\/strong>de acuerdo a tus necesidades. Si no quieres estar horas y horas buscando en tiendas y grandes superficies algo que se adapte a ti, <strong>mejor constr\u00fayelo<\/strong>.<\/p>\n\n\n<div class=\"wp-block-image\">\n<figure class=\"aligncenter size-full\"><img loading=\"lazy\" decoding=\"async\" width=\"570\" height=\"200\" src=\"https:\/\/alvaromadaune.com\/wp-content\/uploads\/2023\/05\/Anadir-un-poco-de-texto.jpg\" alt=\"\" class=\"wp-image-358\" srcset=\"https:\/\/alvaromadaune.com\/wp-content\/uploads\/2023\/05\/Anadir-un-poco-de-texto.jpg 570w, https:\/\/alvaromadaune.com\/wp-content\/uploads\/2023\/05\/Anadir-un-poco-de-texto-300x105.jpg 300w\" sizes=\"auto, (max-width: 570px) 100vw, 570px\" \/><\/figure>\n<\/div>\n\n\n<div style=\"height:55px\" aria-hidden=\"true\" class=\"wp-block-spacer\"><\/div>\n\n\n\n<div class=\"wp-block-buttons is-content-justification-center is-layout-flex wp-container-core-buttons-is-layout-16018d1d wp-block-buttons-is-layout-flex\">\n<div class=\"wp-block-button has-custom-font-size has-medium-font-size\"><a class=\"wp-block-button__link has-background wp-element-button\" href=\"https:\/\/alvaromadaune.com\/index.php\/presupuesto\/\" style=\"background-color:#ff3300\">Quiero mi presupuesto<\/a><\/div>\n<\/div>\n\n\n\n<div style=\"height:55px\" aria-hidden=\"true\" class=\"wp-block-spacer\"><\/div>\n\n\n\n<h3 class=\"wp-block-heading has-text-align-center has-accent-color has-text-color\"><strong>Preguntas frecuentes<\/strong><\/h3>\n\n\n\n<h4 class=\"wp-block-heading has-text-align-center has-accent-color has-text-color\"><strong>\u00bfCu\u00e1l es vuestra \u00e1rea geogr\u00e1fica de servicio?<\/strong><\/h4>\n\n\n\n<p class=\"has-text-align-left\">Nosotros realizamos trabajos de carpinter\u00eda en el \u00e1rea de Cartagena y en toda la regi\u00f3n de Murcia. <\/p>\n\n\n\n<h4 class=\"wp-block-heading has-text-align-center has-accent-color has-text-color\"><strong>\u00bfCu\u00e1nto toma un servicio de carpinter\u00eda?<\/strong><\/h4>\n\n\n\n<p class=\"has-text-align-left\">El tiempo que se tarda en completar nuestro servicio de carpinter\u00eda var\u00eda en funci\u00f3n del tipo de proyecto que tengamos entre manos y su complejidad. En cualquier caso, trabajaremos con usted para garantizar que los plazos se cumplan y que su proyecto se complete lo antes posible.<\/p>\n\n\n\n<h4 class=\"wp-block-heading has-text-align-center has-accent-color has-text-color\"><strong>\u00bfQu\u00e9 tipo muebles fabrican?<\/strong><\/h4>\n\n\n\n<p class=\"has-text-align-left\">En cuanto a los muebles que fabricamos, nos especializamos en muebles de madera a medida, dise\u00f1ados y fabricados seg\u00fan las especificaciones de cada cliente. Ya sea que necesite un armario personalizado para su dormitorio o una p\u00e9rgola para su jard\u00edn, estamos a su disposici\u00f3n para crear la soluci\u00f3n perfecta para usted.<\/p>\n\n\n\n<h4 class=\"wp-block-heading has-text-align-center has-accent-color has-text-color\"><strong>\u00bfC\u00f3mo puedo pedir mi presupuesto<\/strong> <strong>gratis y sin compromiso?<\/strong><\/h4>\n\n\n\n<p class=\"has-text-align-left\">Solo tiene que presionar en los botones de color naranja que se encuentran por toda nuestra pagina web, y cu\u00e1ndo lo haya solicitado trabajaremos con usted para proporcionar un presupuesto claro y detallado que incluya todos los detalles del trabajo que se realizar\u00e1.<\/p>\n\n\n\n<h4 class=\"wp-block-heading has-text-align-center has-accent-color has-text-color\"><strong>\u00bfOfrecen garant\u00eda del servicio?<\/strong><\/h4>\n\n\n\n<p class=\"has-text-align-left\">Todos nuestros trabajos tienen garant\u00eda, lo que significa que puede confiar en nosotros para proporcionarle productos y servicios de la m\u00e1s alta calidad. Siempre trabajamos duro para garantizar la satisfacci\u00f3n total de nuestros clientes.<\/p>\n\n\n\n<div class=\"wp-block-buttons is-content-justification-center is-layout-flex wp-container-core-buttons-is-layout-16018d1d wp-block-buttons-is-layout-flex\">\n<div class=\"wp-block-button has-custom-font-size has-medium-font-size\"><a class=\"wp-block-button__link has-background wp-element-button\" href=\"https:\/\/alvaromadaune.com\/index.php\/presupuesto\/\" style=\"background-color:#ff3300\">Quiero mi presupuesto<\/a><\/div>\n<\/div>\n\n\n\n<div style=\"height:55px\" aria-hidden=\"true\" class=\"wp-block-spacer\"><\/div>\n","protected":false},"excerpt":{"rendered":"<p>Carpinteros en Cartagena \u00bfTienes ya un presupuesto? No te preocupes, tanto como si lo tienes o no te preparamos uno de manera r\u00e1pida, f\u00e1cil, gratis y sin compromiso. \u00bfEstas buscando un carpintero profesional en Cartagena? Si quieres un trabajo bien hecho es muy importante delegar el trabajo a un buen profesional, y para eso tienes &#8230; <a title=\"Home\" class=\"read-more\" href=\"https:\/\/alvaromadaune.com\/\" aria-label=\"M\u00e1s en Home\">Leer m\u00e1s<\/a><\/p>\n","protected":false},"author":1,"featured_media":0,"parent":0,"menu_order":0,"comment_status":"closed","ping_status":"closed","template":"","meta":{"footnotes":""},"class_list":["post-6","page","type-page","status-publish"],"yoast_head":"<!-- This site is optimized with the Yoast SEO plugin v24.4 - https:\/\/yoast.com\/wordpress\/plugins\/seo\/ -->\n<title>&#187; Carpinteros Cartagena &#187; [2023]<\/title>\n<meta name=\"description\" content=\"Si necesitas servicios de carpinter\u00eda a medida en Cartagena disponemos de carpinteros profesionales que garantizan ese gran trabajo que buscas.\" \/>\n<meta name=\"robots\" content=\"index, follow, max-snippet:-1, max-image-preview:large, max-video-preview:-1\" \/>\n<link rel=\"canonical\" href=\"https:\/\/alvaromadaune.com\/\" \/>\n<meta property=\"og:locale\" content=\"es_ES\" \/>\n<meta property=\"og:type\" content=\"article\" \/>\n<meta property=\"og:title\" content=\"&#187; Carpinteros Cartagena &#187; [2023]\" \/>\n<meta property=\"og:description\" content=\"Si necesitas servicios de carpinter\u00eda a medida en Cartagena disponemos de carpinteros profesionales que garantizan ese gran trabajo que buscas.\" \/>\n<meta property=\"og:url\" content=\"https:\/\/alvaromadaune.com\/\" \/>\n<meta property=\"og:site_name\" content=\"Carpinteros Cartagena\" \/>\n<meta property=\"article:modified_time\" content=\"2023-08-25T16:42:18+00:00\" \/>\n<meta property=\"og:image\" content=\"https:\/\/alvaromadaune.com\/wp-content\/uploads\/2023\/04\/Carpinteria-Cartagena-300x180.jpg\" \/>\n<meta name=\"twitter:card\" content=\"summary_large_image\" \/>\n<meta name=\"twitter:label1\" content=\"Tiempo de lectura\" \/>\n\t<meta name=\"twitter:data1\" content=\"3 minutos\" \/>\n<script type=\"application\/ld+json\" class=\"yoast-schema-graph\">{\"@context\":\"https:\/\/schema.org\",\"@graph\":[{\"@type\":\"WebPage\",\"@id\":\"https:\/\/alvaromadaune.com\/\",\"url\":\"https:\/\/alvaromadaune.com\/\",\"name\":\"&#187; Carpinteros Cartagena &#187; [2023]\",\"isPartOf\":{\"@id\":\"https:\/\/alvaromadaune.com\/#website\"},\"primaryImageOfPage\":{\"@id\":\"https:\/\/alvaromadaune.com\/#primaryimage\"},\"image\":{\"@id\":\"https:\/\/alvaromadaune.com\/#primaryimage\"},\"thumbnailUrl\":\"https:\/\/alvaromadaune.com\/wp-content\/uploads\/2023\/04\/Carpinteria-Cartagena-300x180.jpg\",\"datePublished\":\"2023-04-26T17:46:31+00:00\",\"dateModified\":\"2023-08-25T16:42:18+00:00\",\"description\":\"Si necesitas servicios de carpinter\u00eda a medida en Cartagena disponemos de carpinteros profesionales que garantizan ese gran trabajo que buscas.\",\"breadcrumb\":{\"@id\":\"https:\/\/alvaromadaune.com\/#breadcrumb\"},\"inLanguage\":\"es\",\"potentialAction\":[{\"@type\":\"ReadAction\",\"target\":[\"https:\/\/alvaromadaune.com\/\"]}]},{\"@type\":\"ImageObject\",\"inLanguage\":\"es\",\"@id\":\"https:\/\/alvaromadaune.com\/#primaryimage\",\"url\":\"https:\/\/alvaromadaune.com\/wp-content\/uploads\/2023\/04\/Carpinteria-Cartagena.jpg\",\"contentUrl\":\"https:\/\/alvaromadaune.com\/wp-content\/uploads\/2023\/04\/Carpinteria-Cartagena.jpg\",\"width\":500,\"height\":300,\"caption\":\"Carpinteros baratos Cartagena\"},{\"@type\":\"BreadcrumbList\",\"@id\":\"https:\/\/alvaromadaune.com\/#breadcrumb\",\"itemListElement\":[{\"@type\":\"ListItem\",\"position\":1,\"name\":\"Portada\",\"item\":\"https:\/\/alvaromadaune.com\/\"},{\"@type\":\"ListItem\",\"position\":2,\"name\":\"Home\"}]},{\"@type\":\"WebSite\",\"@id\":\"https:\/\/alvaromadaune.com\/#website\",\"url\":\"https:\/\/alvaromadaune.com\/\",\"name\":\"Carpinteros Cartagena\",\"description\":\"Carpinteros con Experiencia en Cartagena\",\"publisher\":{\"@id\":\"https:\/\/alvaromadaune.com\/#organization\"},\"potentialAction\":[{\"@type\":\"SearchAction\",\"target\":{\"@type\":\"EntryPoint\",\"urlTemplate\":\"https:\/\/alvaromadaune.com\/?s={search_term_string}\"},\"query-input\":{\"@type\":\"PropertyValueSpecification\",\"valueRequired\":true,\"valueName\":\"search_term_string\"}}],\"inLanguage\":\"es\"},{\"@type\":\"Organization\",\"@id\":\"https:\/\/alvaromadaune.com\/#organization\",\"name\":\"Carpinteros Cartagena\",\"url\":\"https:\/\/alvaromadaune.com\/\",\"logo\":{\"@type\":\"ImageObject\",\"inLanguage\":\"es\",\"@id\":\"https:\/\/alvaromadaune.com\/#\/schema\/logo\/image\/\",\"url\":\"https:\/\/alvaromadaune.com\/wp-content\/uploads\/2023\/04\/cropped-carpinteros-cartagena-1.png\",\"contentUrl\":\"https:\/\/alvaromadaune.com\/wp-content\/uploads\/2023\/04\/cropped-carpinteros-cartagena-1.png\",\"width\":700,\"height\":120,\"caption\":\"Carpinteros Cartagena\"},\"image\":{\"@id\":\"https:\/\/alvaromadaune.com\/#\/schema\/logo\/image\/\"}}]}<\/script>\n<!-- \/ Yoast SEO plugin. -->","yoast_head_json":{"title":"&#187; Carpinteros Cartagena &#187; [2023]","description":"Si necesitas servicios de carpinter\u00eda a medida en Cartagena disponemos de carpinteros profesionales que garantizan ese gran trabajo que buscas.","robots":{"index":"index","follow":"follow","max-snippet":"max-snippet:-1","max-image-preview":"max-image-preview:large","max-video-preview":"max-video-preview:-1"},"canonical":"https:\/\/alvaromadaune.com\/","og_locale":"es_ES","og_type":"article","og_title":"&#187; Carpinteros Cartagena &#187; [2023]","og_description":"Si necesitas servicios de carpinter\u00eda a medida en Cartagena disponemos de carpinteros profesionales que garantizan ese gran trabajo que buscas.","og_url":"https:\/\/alvaromadaune.com\/","og_site_name":"Carpinteros Cartagena","article_modified_time":"2023-08-25T16:42:18+00:00","og_image":[{"url":"https:\/\/alvaromadaune.com\/wp-content\/uploads\/2023\/04\/Carpinteria-Cartagena-300x180.jpg","type":"","width":"","height":""}],"twitter_card":"summary_large_image","twitter_misc":{"Tiempo de lectura":"3 minutos"},"schema":{"@context":"https:\/\/schema.org","@graph":[{"@type":"WebPage","@id":"https:\/\/alvaromadaune.com\/","url":"https:\/\/alvaromadaune.com\/","name":"&#187; Carpinteros Cartagena &#187; [2023]","isPartOf":{"@id":"https:\/\/alvaromadaune.com\/#website"},"primaryImageOfPage":{"@id":"https:\/\/alvaromadaune.com\/#primaryimage"},"image":{"@id":"https:\/\/alvaromadaune.com\/#primaryimage"},"thumbnailUrl":"https:\/\/alvaromadaune.com\/wp-content\/uploads\/2023\/04\/Carpinteria-Cartagena-300x180.jpg","datePublished":"2023-04-26T17:46:31+00:00","dateModified":"2023-08-25T16:42:18+00:00","description":"Si necesitas servicios de carpinter\u00eda a medida en Cartagena disponemos de carpinteros profesionales que garantizan ese gran trabajo que buscas.","breadcrumb":{"@id":"https:\/\/alvaromadaune.com\/#breadcrumb"},"inLanguage":"es","potentialAction":[{"@type":"ReadAction","target":["https:\/\/alvaromadaune.com\/"]}]},{"@type":"ImageObject","inLanguage":"es","@id":"https:\/\/alvaromadaune.com\/#primaryimage","url":"https:\/\/alvaromadaune.com\/wp-content\/uploads\/2023\/04\/Carpinteria-Cartagena.jpg","contentUrl":"https:\/\/alvaromadaune.com\/wp-content\/uploads\/2023\/04\/Carpinteria-Cartagena.jpg","width":500,"height":300,"caption":"Carpinteros baratos Cartagena"},{"@type":"BreadcrumbList","@id":"https:\/\/alvaromadaune.com\/#breadcrumb","itemListElement":[{"@type":"ListItem","position":1,"name":"Portada","item":"https:\/\/alvaromadaune.com\/"},{"@type":"ListItem","position":2,"name":"Home"}]},{"@type":"WebSite","@id":"https:\/\/alvaromadaune.com\/#website","url":"https:\/\/alvaromadaune.com\/","name":"Carpinteros Cartagena","description":"Carpinteros con Experiencia en Cartagena","publisher":{"@id":"https:\/\/alvaromadaune.com\/#organization"},"potentialAction":[{"@type":"SearchAction","target":{"@type":"EntryPoint","urlTemplate":"https:\/\/alvaromadaune.com\/?s={search_term_string}"},"query-input":{"@type":"PropertyValueSpecification","valueRequired":true,"valueName":"search_term_string"}}],"inLanguage":"es"},{"@type":"Organization","@id":"https:\/\/alvaromadaune.com\/#organization","name":"Carpinteros Cartagena","url":"https:\/\/alvaromadaune.com\/","logo":{"@type":"ImageObject","inLanguage":"es","@id":"https:\/\/alvaromadaune.com\/#\/schema\/logo\/image\/","url":"https:\/\/alvaromadaune.com\/wp-content\/uploads\/2023\/04\/cropped-carpinteros-cartagena-1.png","contentUrl":"https:\/\/alvaromadaune.com\/wp-content\/uploads\/2023\/04\/cropped-carpinteros-cartagena-1.png","width":700,"height":120,"caption":"Carpinteros Cartagena"},"image":{"@id":"https:\/\/alvaromadaune.com\/#\/schema\/logo\/image\/"}}]}},"_links":{"self":[{"href":"https:\/\/alvaromadaune.com\/index.php\/wp-json\/wp\/v2\/pages\/6","targetHints":{"allow":["GET"]}}],"collection":[{"href":"https:\/\/alvaromadaune.com\/index.php\/wp-json\/wp\/v2\/pages"}],"about":[{"href":"https:\/\/alvaromadaune.com\/index.php\/wp-json\/wp\/v2\/types\/page"}],"author":[{"embeddable":true,"href":"https:\/\/alvaromadaune.com\/index.php\/wp-json\/wp\/v2\/users\/1"}],"replies":[{"embeddable":true,"href":"https:\/\/alvaromadaune.com\/index.php\/wp-json\/wp\/v2\/comments?post=6"}],"version-history":[{"count":116,"href":"https:\/\/alvaromadaune.com\/index.php\/wp-json\/wp\/v2\/pages\/6\/revisions"}],"predecessor-version":[{"id":556,"href":"https:\/\/alvaromadaune.com\/index.php\/wp-json\/wp\/v2\/pages\/6\/revisions\/556"}],"wp:attachment":[{"href":"https:\/\/alvaromadaune.com\/index.php\/wp-json\/wp\/v2\/media?parent=6"}],"curies":[{"name":"wp","href":"https:\/\/api.w.org\/{rel}","templated":true}]}}